{"id":5576,"date":"2015-12-08T14:41:52","date_gmt":"2015-12-08T13:41:52","guid":{"rendered":"http:\/\/gop.bwdev.in\/no\/?page_id=5576"},"modified":"2021-01-28T12:03:36","modified_gmt":"2021-01-28T11:03:36","slug":"brukerveiledning","status":"publish","type":"page","link":"https:\/\/www.gop.se\/no\/industri\/brukerveiledning\/","title":{"rendered":"Brukerveiledning"},"content":{"rendered":"<p>Vi leverer markedets bredeste sortiment av flat plast fra ledende varemerker og leverand\u00f8rer. Produktene v\u00e5re passer til en rekke bruksomr\u00e5der. Velg bruksomr\u00e5de i listen under, og velg deretter eventuell bearbeiding. Brukerveiledningen v\u00e5r gir deg en oversikt over materialene du kan bruke til prosjektet ditt. Ta kontakt for \u00e5 f\u00e5 ytterligere veiledning og gode r\u00e5d fra de kunnskapsrike selgerne v\u00e5re.<\/p>\n","protected":false},"excerpt":{"rendered":"<p>Vi leverer markedets bredeste sortiment av flat plast fra ledende varemerker og leverand\u00f8rer. Produktene v\u00e5re passer til en rekke bruksomr\u00e5der. Velg bruksomr\u00e5de i listen under, og velg deretter eventuell bearbeiding. Brukerveiledningen v\u00e5r gir deg en oversikt over materialene du kan bruke til prosjektet ditt. Ta kontakt for \u00e5 f\u00e5 ytterligere veiledning og gode r\u00e5d fra [&hellip;]<\/p>\n","protected":false},"author":1,"featured_media":0,"parent":5572,"menu_order":77,"comment_status":"open","ping_status":"closed","template":"templates\/Userguidepage.php","meta":{"_acf_changed":false,"_relevanssi_hide_post":"","_relevanssi_pin_for_all":"","_relevanssi_pin_keywords":"","_relevanssi_unpin_keywords":"","_relevanssi_related_keywords":"","_relevanssi_related_include_ids":"","_relevanssi_related_exclude_ids":"","_relevanssi_related_no_append":"","_relevanssi_related_not_related":"","_relevanssi_related_posts":"","_relevanssi_noindex_reason":"","footnotes":""},"class_list":["post-5576","page","type-page","status-publish","hentry"],"acf":[],"yoast_head":"<!-- This site is optimized with the Yoast SEO plugin v27.4 - https:\/\/yoast.com\/product\/yoast-seo-wordpress\/ -->\n<title>Brukerveiledning - gop<\/title>\n<meta name=\"description\" content=\"Vi leverer markedets bredeste sortiment av flat plast fra ledende varemerker og leverand\u00f8rer. Produktene v\u00e5re passer til en rekke bruksomr\u00e5der. Velg\" \/>\n<meta name=\"robots\" content=\"index, nofollow, max-snippet:-1, max-image-preview:large, max-video-preview:-1\" \/>\n<link rel=\"canonical\" href=\"https:\/\/www.gop.se\/no\/industri\/brukerveiledning\/\" \/>\n<meta property=\"og:locale\" content=\"nn_NO\" \/>\n<meta property=\"og:type\" content=\"article\" \/>\n<meta property=\"og:title\" content=\"Brukerveiledning - gop\" \/>\n<meta property=\"og:description\" content=\"Vi leverer markedets bredeste sortiment av flat plast fra ledende varemerker og leverand\u00f8rer. Produktene v\u00e5re passer til en rekke bruksomr\u00e5der. Velg\" \/>\n<meta property=\"og:url\" content=\"https:\/\/www.gop.se\/no\/industri\/brukerveiledning\/\" \/>\n<meta property=\"og:site_name\" content=\"gop\" \/>\n<meta property=\"article:publisher\" content=\"https:\/\/www.facebook.com\/gopsverige\" \/>\n<meta property=\"article:modified_time\" content=\"2021-01-28T11:03:36+00:00\" \/>\n<meta property=\"og:image\" content=\"https:\/\/static.gop.se\/wp-content\/uploads\/gop_black_300_.png\" \/>\n\t<meta property=\"og:image:width\" content=\"1076\" \/>\n\t<meta property=\"og:image:height\" content=\"493\" \/>\n\t<meta property=\"og:image:type\" content=\"image\/png\" \/>\n<meta name=\"twitter:card\" content=\"summary_large_image\" \/>\n<script type=\"application\/ld+json\" class=\"yoast-schema-graph\">{\"@context\":\"https:\\\/\\\/schema.org\",\"@graph\":[{\"@type\":\"WebPage\",\"@id\":\"https:\\\/\\\/www.gop.se\\\/no\\\/industri\\\/brukerveiledning\\\/\",\"url\":\"https:\\\/\\\/www.gop.se\\\/no\\\/industri\\\/brukerveiledning\\\/\",\"name\":\"Brukerveiledning - gop\",\"isPartOf\":{\"@id\":\"https:\\\/\\\/www.gop.se\\\/#website\"},\"datePublished\":\"2015-12-08T13:41:52+00:00\",\"dateModified\":\"2021-01-28T11:03:36+00:00\",\"description\":\"Vi leverer markedets bredeste sortiment av flat plast fra ledende varemerker og leverand\u00f8rer. Produktene v\u00e5re passer til en rekke bruksomr\u00e5der. Velg\",\"breadcrumb\":{\"@id\":\"https:\\\/\\\/www.gop.se\\\/no\\\/industri\\\/brukerveiledning\\\/#breadcrumb\"},\"inLanguage\":\"nn-NO\",\"potentialAction\":[{\"@type\":\"ReadAction\",\"target\":[\"https:\\\/\\\/www.gop.se\\\/no\\\/industri\\\/brukerveiledning\\\/\"]}]},{\"@type\":\"BreadcrumbList\",\"@id\":\"https:\\\/\\\/www.gop.se\\\/no\\\/industri\\\/brukerveiledning\\\/#breadcrumb\",\"itemListElement\":[{\"@type\":\"ListItem\",\"position\":1,\"name\":\"Home\",\"item\":\"https:\\\/\\\/www.gop.se\\\/no\\\/\"},{\"@type\":\"ListItem\",\"position\":2,\"name\":\"Industri &#038; Reklame\",\"item\":\"https:\\\/\\\/www.gop.se\\\/no\\\/industri\\\/\"},{\"@type\":\"ListItem\",\"position\":3,\"name\":\"Brukerveiledning\"}]},{\"@type\":\"WebSite\",\"@id\":\"https:\\\/\\\/www.gop.se\\\/#website\",\"url\":\"https:\\\/\\\/www.gop.se\\\/\",\"name\":\"gop\",\"description\":\"Glasfiber &amp; Plastprodukter AB\",\"publisher\":{\"@id\":\"https:\\\/\\\/www.gop.se\\\/#organization\"},\"potentialAction\":[{\"@type\":\"SearchAction\",\"target\":{\"@type\":\"EntryPoint\",\"urlTemplate\":\"https:\\\/\\\/www.gop.se\\\/?s={search_term_string}\"},\"query-input\":{\"@type\":\"PropertyValueSpecification\",\"valueRequired\":true,\"valueName\":\"search_term_string\"}}],\"inLanguage\":\"nn-NO\"},{\"@type\":\"Organization\",\"@id\":\"https:\\\/\\\/www.gop.se\\\/#organization\",\"name\":\"gop\",\"url\":\"https:\\\/\\\/www.gop.se\\\/\",\"logo\":{\"@type\":\"ImageObject\",\"inLanguage\":\"nn-NO\",\"@id\":\"https:\\\/\\\/www.gop.se\\\/#\\\/schema\\\/logo\\\/image\\\/\",\"url\":\"https:\\\/\\\/static.gop.se\\\/wp-content\\\/uploads\\\/gop_black_300_.png\",\"contentUrl\":\"https:\\\/\\\/static.gop.se\\\/wp-content\\\/uploads\\\/gop_black_300_.png\",\"width\":1076,\"height\":493,\"caption\":\"gop\"},\"image\":{\"@id\":\"https:\\\/\\\/www.gop.se\\\/#\\\/schema\\\/logo\\\/image\\\/\"},\"sameAs\":[\"https:\\\/\\\/www.facebook.com\\\/gopsverige\",\"https:\\\/\\\/www.instagram.com\\\/gop_sverige\\\/\",\"https:\\\/\\\/www.linkedin.com\\\/company\\\/gopsverige\\\/\",\"http:\\\/\\\/www.youtube.com\\\/gopplast\"]}]}<\/script>\n<!-- \/ Yoast SEO plugin. -->","yoast_head_json":{"title":"Brukerveiledning - gop","description":"Vi leverer markedets bredeste sortiment av flat plast fra ledende varemerker og leverand\u00f8rer. Produktene v\u00e5re passer til en rekke bruksomr\u00e5der. Velg","robots":{"index":"index","follow":"nofollow","max-snippet":"max-snippet:-1","max-image-preview":"max-image-preview:large","max-video-preview":"max-video-preview:-1"},"canonical":"https:\/\/www.gop.se\/no\/industri\/brukerveiledning\/","og_locale":"nn_NO","og_type":"article","og_title":"Brukerveiledning - gop","og_description":"Vi leverer markedets bredeste sortiment av flat plast fra ledende varemerker og leverand\u00f8rer. Produktene v\u00e5re passer til en rekke bruksomr\u00e5der. Velg","og_url":"https:\/\/www.gop.se\/no\/industri\/brukerveiledning\/","og_site_name":"gop","article_publisher":"https:\/\/www.facebook.com\/gopsverige","article_modified_time":"2021-01-28T11:03:36+00:00","og_image":[{"width":1076,"height":493,"url":"https:\/\/static.gop.se\/wp-content\/uploads\/gop_black_300_.png","type":"image\/png"}],"twitter_card":"summary_large_image","schema":{"@context":"https:\/\/schema.org","@graph":[{"@type":"WebPage","@id":"https:\/\/www.gop.se\/no\/industri\/brukerveiledning\/","url":"https:\/\/www.gop.se\/no\/industri\/brukerveiledning\/","name":"Brukerveiledning - gop","isPartOf":{"@id":"https:\/\/www.gop.se\/#website"},"datePublished":"2015-12-08T13:41:52+00:00","dateModified":"2021-01-28T11:03:36+00:00","description":"Vi leverer markedets bredeste sortiment av flat plast fra ledende varemerker og leverand\u00f8rer. Produktene v\u00e5re passer til en rekke bruksomr\u00e5der. Velg","breadcrumb":{"@id":"https:\/\/www.gop.se\/no\/industri\/brukerveiledning\/#breadcrumb"},"inLanguage":"nn-NO","potentialAction":[{"@type":"ReadAction","target":["https:\/\/www.gop.se\/no\/industri\/brukerveiledning\/"]}]},{"@type":"BreadcrumbList","@id":"https:\/\/www.gop.se\/no\/industri\/brukerveiledning\/#breadcrumb","itemListElement":[{"@type":"ListItem","position":1,"name":"Home","item":"https:\/\/www.gop.se\/no\/"},{"@type":"ListItem","position":2,"name":"Industri &#038; Reklame","item":"https:\/\/www.gop.se\/no\/industri\/"},{"@type":"ListItem","position":3,"name":"Brukerveiledning"}]},{"@type":"WebSite","@id":"https:\/\/www.gop.se\/#website","url":"https:\/\/www.gop.se\/","name":"gop","description":"Glasfiber &amp; Plastprodukter AB","publisher":{"@id":"https:\/\/www.gop.se\/#organization"},"potentialAction":[{"@type":"SearchAction","target":{"@type":"EntryPoint","urlTemplate":"https:\/\/www.gop.se\/?s={search_term_string}"},"query-input":{"@type":"PropertyValueSpecification","valueRequired":true,"valueName":"search_term_string"}}],"inLanguage":"nn-NO"},{"@type":"Organization","@id":"https:\/\/www.gop.se\/#organization","name":"gop","url":"https:\/\/www.gop.se\/","logo":{"@type":"ImageObject","inLanguage":"nn-NO","@id":"https:\/\/www.gop.se\/#\/schema\/logo\/image\/","url":"https:\/\/static.gop.se\/wp-content\/uploads\/gop_black_300_.png","contentUrl":"https:\/\/static.gop.se\/wp-content\/uploads\/gop_black_300_.png","width":1076,"height":493,"caption":"gop"},"image":{"@id":"https:\/\/www.gop.se\/#\/schema\/logo\/image\/"},"sameAs":["https:\/\/www.facebook.com\/gopsverige","https:\/\/www.instagram.com\/gop_sverige\/","https:\/\/www.linkedin.com\/company\/gopsverige\/","http:\/\/www.youtube.com\/gopplast"]}]}},"_links":{"self":[{"href":"https:\/\/www.gop.se\/no\/wp-json\/wp\/v2\/pages\/5576","targetHints":{"allow":["GET"]}}],"collection":[{"href":"https:\/\/www.gop.se\/no\/wp-json\/wp\/v2\/pages"}],"about":[{"href":"https:\/\/www.gop.se\/no\/wp-json\/wp\/v2\/types\/page"}],"author":[{"embeddable":true,"href":"https:\/\/www.gop.se\/no\/wp-json\/wp\/v2\/users\/1"}],"replies":[{"embeddable":true,"href":"https:\/\/www.gop.se\/no\/wp-json\/wp\/v2\/comments?post=5576"}],"version-history":[{"count":1,"href":"https:\/\/www.gop.se\/no\/wp-json\/wp\/v2\/pages\/5576\/revisions"}],"predecessor-version":[{"id":5577,"href":"https:\/\/www.gop.se\/no\/wp-json\/wp\/v2\/pages\/5576\/revisions\/5577"}],"up":[{"embeddable":true,"href":"https:\/\/www.gop.se\/no\/wp-json\/wp\/v2\/pages\/5572"}],"wp:attachment":[{"href":"https:\/\/www.gop.se\/no\/wp-json\/wp\/v2\/media?parent=5576"}],"curies":[{"name":"wp","href":"https:\/\/api.w.org\/{rel}","templated":true}]}}