{"id":4929,"date":"2015-07-15T10:30:41","date_gmt":"2015-07-15T09:30:41","guid":{"rendered":"http:\/\/gop.bwdev.in\/no\/kontakt-oss\/"},"modified":"2026-01-22T13:10:32","modified_gmt":"2026-01-22T12:10:32","slug":"kontakt-oss","status":"publish","type":"page","link":"https:\/\/www.gop.se\/no\/kontakt-oss\/","title":{"rendered":"Kontakt oss"},"content":{"rendered":"<p>V\u00e5re kontor og lager ligger i Kungsbacka s\u00f8r for G\u00f6teborg samt i Stockholm, Oslo og i Sor\u00f8 p\u00e5 Sj\u00e6lland. Med v\u00e5r tilstedev\u00e6relse kan vi garantere h\u00f8y tilgjengelighet gjennom rask distribusjon og leveringssikkerhet.<\/p>\n","protected":false},"excerpt":{"rendered":"<p>V\u00e5re kontor og lager ligger i Kungsbacka s\u00f8r for G\u00f6teborg samt i Stockholm, Oslo og i Sor\u00f8 p\u00e5 Sj\u00e6lland. Med v\u00e5r tilstedev\u00e6relse kan vi garantere h\u00f8y tilgjengelighet gjennom rask distribusjon og leveringssikkerhet.<\/p>\n","protected":false},"author":1,"featured_media":0,"parent":0,"menu_order":141,"comment_status":"open","ping_status":"open","template":"templates\/Contactpage.php","meta":{"_acf_changed":false,"_relevanssi_hide_post":"","_relevanssi_pin_for_all":"","_relevanssi_pin_keywords":"","_relevanssi_unpin_keywords":"","_relevanssi_related_keywords":"","_relevanssi_related_include_ids":"","_relevanssi_related_exclude_ids":"","_relevanssi_related_no_append":"","_relevanssi_related_not_related":"","_relevanssi_related_posts":"","_relevanssi_noindex_reason":"","footnotes":""},"class_list":["post-4929","page","type-page","status-publish","hentry"],"acf":[],"yoast_head":"<!-- This site is optimized with the Yoast SEO plugin v27.4 - https:\/\/yoast.com\/product\/yoast-seo-wordpress\/ -->\n<title>Kontakt oss - gop<\/title>\n<meta name=\"description\" content=\"V\u00e5re kontor og lager ligger i Kungsbacka s\u00f8r for G\u00f6teborg samt i Stockholm, Oslo og i Sor\u00f8 p\u00e5 Sj\u00e6lland. Med v\u00e5r tilstedev\u00e6relse kan vi garantere h\u00f8y\" \/>\n<meta name=\"robots\" content=\"index, follow, max-snippet:-1, max-image-preview:large, max-video-preview:-1\" \/>\n<link rel=\"canonical\" href=\"https:\/\/www.gop.se\/no\/kontakt-oss\/\" \/>\n<meta property=\"og:locale\" content=\"nn_NO\" \/>\n<meta property=\"og:type\" content=\"article\" \/>\n<meta property=\"og:title\" content=\"Kontakt oss - gop\" \/>\n<meta property=\"og:description\" content=\"V\u00e5re kontor og lager ligger i Kungsbacka s\u00f8r for G\u00f6teborg samt i Stockholm, Oslo og i Sor\u00f8 p\u00e5 Sj\u00e6lland. Med v\u00e5r tilstedev\u00e6relse kan vi garantere h\u00f8y\" \/>\n<meta property=\"og:url\" content=\"https:\/\/www.gop.se\/no\/kontakt-oss\/\" \/>\n<meta property=\"og:site_name\" content=\"gop\" \/>\n<meta property=\"article:publisher\" content=\"https:\/\/www.facebook.com\/gopsverige\" \/>\n<meta property=\"article:modified_time\" content=\"2026-01-22T12:10:32+00:00\" \/>\n<meta property=\"og:image\" content=\"https:\/\/static.gop.se\/wp-content\/uploads\/gop_black_300_.png\" \/>\n\t<meta property=\"og:image:width\" content=\"1076\" \/>\n\t<meta property=\"og:image:height\" content=\"493\" \/>\n\t<meta property=\"og:image:type\" content=\"image\/png\" \/>\n<meta name=\"twitter:card\" content=\"summary_large_image\" \/>\n<meta name=\"twitter:label1\" content=\"Est. reading time\" \/>\n\t<meta name=\"twitter:data1\" content=\"1 minutt\" \/>\n<script type=\"application\/ld+json\" class=\"yoast-schema-graph\">{\"@context\":\"https:\\\/\\\/schema.org\",\"@graph\":[{\"@type\":\"WebPage\",\"@id\":\"https:\\\/\\\/www.gop.se\\\/no\\\/kontakt-oss\\\/\",\"url\":\"https:\\\/\\\/www.gop.se\\\/no\\\/kontakt-oss\\\/\",\"name\":\"Kontakt oss - gop\",\"isPartOf\":{\"@id\":\"https:\\\/\\\/www.gop.se\\\/#website\"},\"datePublished\":\"2015-07-15T09:30:41+00:00\",\"dateModified\":\"2026-01-22T12:10:32+00:00\",\"description\":\"V\u00e5re kontor og lager ligger i Kungsbacka s\u00f8r for G\u00f6teborg samt i Stockholm, Oslo og i Sor\u00f8 p\u00e5 Sj\u00e6lland. Med v\u00e5r tilstedev\u00e6relse kan vi garantere h\u00f8y\",\"breadcrumb\":{\"@id\":\"https:\\\/\\\/www.gop.se\\\/no\\\/kontakt-oss\\\/#breadcrumb\"},\"inLanguage\":\"nn-NO\",\"potentialAction\":[{\"@type\":\"ReadAction\",\"target\":[\"https:\\\/\\\/www.gop.se\\\/no\\\/kontakt-oss\\\/\"]}]},{\"@type\":\"BreadcrumbList\",\"@id\":\"https:\\\/\\\/www.gop.se\\\/no\\\/kontakt-oss\\\/#breadcrumb\",\"itemListElement\":[{\"@type\":\"ListItem\",\"position\":1,\"name\":\"Home\",\"item\":\"https:\\\/\\\/www.gop.se\\\/no\\\/\"},{\"@type\":\"ListItem\",\"position\":2,\"name\":\"Kontakt oss\"}]},{\"@type\":\"WebSite\",\"@id\":\"https:\\\/\\\/www.gop.se\\\/#website\",\"url\":\"https:\\\/\\\/www.gop.se\\\/\",\"name\":\"gop\",\"description\":\"Glasfiber &amp; Plastprodukter AB\",\"publisher\":{\"@id\":\"https:\\\/\\\/www.gop.se\\\/#organization\"},\"potentialAction\":[{\"@type\":\"SearchAction\",\"target\":{\"@type\":\"EntryPoint\",\"urlTemplate\":\"https:\\\/\\\/www.gop.se\\\/?s={search_term_string}\"},\"query-input\":{\"@type\":\"PropertyValueSpecification\",\"valueRequired\":true,\"valueName\":\"search_term_string\"}}],\"inLanguage\":\"nn-NO\"},{\"@type\":\"Organization\",\"@id\":\"https:\\\/\\\/www.gop.se\\\/#organization\",\"name\":\"gop\",\"url\":\"https:\\\/\\\/www.gop.se\\\/\",\"logo\":{\"@type\":\"ImageObject\",\"inLanguage\":\"nn-NO\",\"@id\":\"https:\\\/\\\/www.gop.se\\\/#\\\/schema\\\/logo\\\/image\\\/\",\"url\":\"https:\\\/\\\/static.gop.se\\\/wp-content\\\/uploads\\\/gop_black_300_.png\",\"contentUrl\":\"https:\\\/\\\/static.gop.se\\\/wp-content\\\/uploads\\\/gop_black_300_.png\",\"width\":1076,\"height\":493,\"caption\":\"gop\"},\"image\":{\"@id\":\"https:\\\/\\\/www.gop.se\\\/#\\\/schema\\\/logo\\\/image\\\/\"},\"sameAs\":[\"https:\\\/\\\/www.facebook.com\\\/gopsverige\",\"https:\\\/\\\/www.instagram.com\\\/gop_sverige\\\/\",\"https:\\\/\\\/www.linkedin.com\\\/company\\\/gopsverige\\\/\",\"http:\\\/\\\/www.youtube.com\\\/gopplast\"]}]}<\/script>\n<!-- \/ Yoast SEO plugin. -->","yoast_head_json":{"title":"Kontakt oss - gop","description":"V\u00e5re kontor og lager ligger i Kungsbacka s\u00f8r for G\u00f6teborg samt i Stockholm, Oslo og i Sor\u00f8 p\u00e5 Sj\u00e6lland. Med v\u00e5r tilstedev\u00e6relse kan vi garantere h\u00f8y","robots":{"index":"index","follow":"follow","max-snippet":"max-snippet:-1","max-image-preview":"max-image-preview:large","max-video-preview":"max-video-preview:-1"},"canonical":"https:\/\/www.gop.se\/no\/kontakt-oss\/","og_locale":"nn_NO","og_type":"article","og_title":"Kontakt oss - gop","og_description":"V\u00e5re kontor og lager ligger i Kungsbacka s\u00f8r for G\u00f6teborg samt i Stockholm, Oslo og i Sor\u00f8 p\u00e5 Sj\u00e6lland. Med v\u00e5r tilstedev\u00e6relse kan vi garantere h\u00f8y","og_url":"https:\/\/www.gop.se\/no\/kontakt-oss\/","og_site_name":"gop","article_publisher":"https:\/\/www.facebook.com\/gopsverige","article_modified_time":"2026-01-22T12:10:32+00:00","og_image":[{"width":1076,"height":493,"url":"https:\/\/static.gop.se\/wp-content\/uploads\/gop_black_300_.png","type":"image\/png"}],"twitter_card":"summary_large_image","twitter_misc":{"Est. reading time":"1 minutt"},"schema":{"@context":"https:\/\/schema.org","@graph":[{"@type":"WebPage","@id":"https:\/\/www.gop.se\/no\/kontakt-oss\/","url":"https:\/\/www.gop.se\/no\/kontakt-oss\/","name":"Kontakt oss - gop","isPartOf":{"@id":"https:\/\/www.gop.se\/#website"},"datePublished":"2015-07-15T09:30:41+00:00","dateModified":"2026-01-22T12:10:32+00:00","description":"V\u00e5re kontor og lager ligger i Kungsbacka s\u00f8r for G\u00f6teborg samt i Stockholm, Oslo og i Sor\u00f8 p\u00e5 Sj\u00e6lland. Med v\u00e5r tilstedev\u00e6relse kan vi garantere h\u00f8y","breadcrumb":{"@id":"https:\/\/www.gop.se\/no\/kontakt-oss\/#breadcrumb"},"inLanguage":"nn-NO","potentialAction":[{"@type":"ReadAction","target":["https:\/\/www.gop.se\/no\/kontakt-oss\/"]}]},{"@type":"BreadcrumbList","@id":"https:\/\/www.gop.se\/no\/kontakt-oss\/#breadcrumb","itemListElement":[{"@type":"ListItem","position":1,"name":"Home","item":"https:\/\/www.gop.se\/no\/"},{"@type":"ListItem","position":2,"name":"Kontakt oss"}]},{"@type":"WebSite","@id":"https:\/\/www.gop.se\/#website","url":"https:\/\/www.gop.se\/","name":"gop","description":"Glasfiber &amp; Plastprodukter AB","publisher":{"@id":"https:\/\/www.gop.se\/#organization"},"potentialAction":[{"@type":"SearchAction","target":{"@type":"EntryPoint","urlTemplate":"https:\/\/www.gop.se\/?s={search_term_string}"},"query-input":{"@type":"PropertyValueSpecification","valueRequired":true,"valueName":"search_term_string"}}],"inLanguage":"nn-NO"},{"@type":"Organization","@id":"https:\/\/www.gop.se\/#organization","name":"gop","url":"https:\/\/www.gop.se\/","logo":{"@type":"ImageObject","inLanguage":"nn-NO","@id":"https:\/\/www.gop.se\/#\/schema\/logo\/image\/","url":"https:\/\/static.gop.se\/wp-content\/uploads\/gop_black_300_.png","contentUrl":"https:\/\/static.gop.se\/wp-content\/uploads\/gop_black_300_.png","width":1076,"height":493,"caption":"gop"},"image":{"@id":"https:\/\/www.gop.se\/#\/schema\/logo\/image\/"},"sameAs":["https:\/\/www.facebook.com\/gopsverige","https:\/\/www.instagram.com\/gop_sverige\/","https:\/\/www.linkedin.com\/company\/gopsverige\/","http:\/\/www.youtube.com\/gopplast"]}]}},"_links":{"self":[{"href":"https:\/\/www.gop.se\/no\/wp-json\/wp\/v2\/pages\/4929","targetHints":{"allow":["GET"]}}],"collection":[{"href":"https:\/\/www.gop.se\/no\/wp-json\/wp\/v2\/pages"}],"about":[{"href":"https:\/\/www.gop.se\/no\/wp-json\/wp\/v2\/types\/page"}],"author":[{"embeddable":true,"href":"https:\/\/www.gop.se\/no\/wp-json\/wp\/v2\/users\/1"}],"replies":[{"embeddable":true,"href":"https:\/\/www.gop.se\/no\/wp-json\/wp\/v2\/comments?post=4929"}],"version-history":[{"count":22,"href":"https:\/\/www.gop.se\/no\/wp-json\/wp\/v2\/pages\/4929\/revisions"}],"predecessor-version":[{"id":30970,"href":"https:\/\/www.gop.se\/no\/wp-json\/wp\/v2\/pages\/4929\/revisions\/30970"}],"wp:attachment":[{"href":"https:\/\/www.gop.se\/no\/wp-json\/wp\/v2\/media?parent=4929"}],"curies":[{"name":"wp","href":"https:\/\/api.w.org\/{rel}","templated":true}]}}