{"id":19604,"date":"2020-04-23T14:52:08","date_gmt":"2020-04-23T13:52:08","guid":{"rendered":"https:\/\/www.gop.se\/?page_id=19604"},"modified":"2024-01-31T22:00:54","modified_gmt":"2024-01-31T21:00:54","slug":"stoyvern","status":"publish","type":"page","link":"https:\/\/www.gop.se\/no\/fasade-prosjekt\/stoyvern\/","title":{"rendered":"St\u00f8yskjerm"},"content":{"rendered":"","protected":false},"excerpt":{"rendered":"","protected":false},"author":1,"featured_media":0,"parent":19949,"menu_order":43,"comment_status":"closed","ping_status":"closed","template":"templates\/FullWidthPage.php","meta":{"_acf_changed":false,"_relevanssi_hide_post":"","_relevanssi_pin_for_all":"","_relevanssi_pin_keywords":"","_relevanssi_unpin_keywords":"","_relevanssi_related_keywords":"","_relevanssi_related_include_ids":"","_relevanssi_related_exclude_ids":"","_relevanssi_related_no_append":"","_relevanssi_related_not_related":"","_relevanssi_related_posts":"","_relevanssi_noindex_reason":"","footnotes":""},"class_list":["post-19604","page","type-page","status-publish","hentry"],"acf":[],"yoast_head":"<!-- This site is optimized with the Yoast SEO plugin v27.4 - https:\/\/yoast.com\/product\/yoast-seo-wordpress\/ -->\n<title>St\u00f8yvern | St\u00f8yskjerming av Plexiglass og Polykarbonat | gop<\/title>\n<meta name=\"description\" content=\"Transparent st\u00f8yskjerming for st\u00f8yvern. Unike designmuligheter og usl\u00e5elig total\u00f8konomi. Slagfast og lettere enn glass. Plexiglas BirdGuard med integrerte m\u00f8nstre for fuglebeskyttelse.\" \/>\n<meta name=\"robots\" content=\"index, follow, max-snippet:-1, max-image-preview:large, max-video-preview:-1\" \/>\n<link rel=\"canonical\" href=\"https:\/\/www.gop.se\/no\/fasade-prosjekt\/stoyvern\/\" \/>\n<meta property=\"og:locale\" content=\"nn_NO\" \/>\n<meta property=\"og:type\" content=\"article\" \/>\n<meta property=\"og:title\" content=\"St\u00f8yvern | St\u00f8yskjerming av Plexiglass og Polykarbonat | gop\" \/>\n<meta property=\"og:description\" content=\"Transparent st\u00f8yskjerming for st\u00f8yvern. Unike designmuligheter og usl\u00e5elig total\u00f8konomi. Slagfast og lettere enn glass. Plexiglas BirdGuard med integrerte m\u00f8nstre for fuglebeskyttelse.\" \/>\n<meta property=\"og:url\" content=\"https:\/\/www.gop.se\/no\/fasade-prosjekt\/stoyvern\/\" \/>\n<meta property=\"og:site_name\" content=\"gop\" \/>\n<meta property=\"article:publisher\" content=\"https:\/\/www.facebook.com\/gopsverige\" \/>\n<meta property=\"article:modified_time\" content=\"2024-01-31T21:00:54+00:00\" \/>\n<meta property=\"og:image\" content=\"https:\/\/static.gop.se\/wp-content\/uploads\/gop_black_300_.png\" \/>\n\t<meta property=\"og:image:width\" content=\"1076\" \/>\n\t<meta property=\"og:image:height\" content=\"493\" \/>\n\t<meta property=\"og:image:type\" content=\"image\/png\" \/>\n<meta name=\"twitter:card\" content=\"summary_large_image\" \/>\n<script type=\"application\/ld+json\" class=\"yoast-schema-graph\">{\"@context\":\"https:\\\/\\\/schema.org\",\"@graph\":[{\"@type\":\"WebPage\",\"@id\":\"https:\\\/\\\/www.gop.se\\\/no\\\/fasade-prosjekt\\\/stoyvern\\\/\",\"url\":\"https:\\\/\\\/www.gop.se\\\/no\\\/fasade-prosjekt\\\/stoyvern\\\/\",\"name\":\"St\u00f8yvern | St\u00f8yskjerming av Plexiglass og Polykarbonat | gop\",\"isPartOf\":{\"@id\":\"https:\\\/\\\/www.gop.se\\\/#website\"},\"datePublished\":\"2020-04-23T13:52:08+00:00\",\"dateModified\":\"2024-01-31T21:00:54+00:00\",\"description\":\"Transparent st\u00f8yskjerming for st\u00f8yvern. Unike designmuligheter og usl\u00e5elig total\u00f8konomi. Slagfast og lettere enn glass. Plexiglas BirdGuard med integrerte m\u00f8nstre for fuglebeskyttelse.\",\"breadcrumb\":{\"@id\":\"https:\\\/\\\/www.gop.se\\\/no\\\/fasade-prosjekt\\\/stoyvern\\\/#breadcrumb\"},\"inLanguage\":\"nn-NO\",\"potentialAction\":[{\"@type\":\"ReadAction\",\"target\":[\"https:\\\/\\\/www.gop.se\\\/no\\\/fasade-prosjekt\\\/stoyvern\\\/\"]}]},{\"@type\":\"BreadcrumbList\",\"@id\":\"https:\\\/\\\/www.gop.se\\\/no\\\/fasade-prosjekt\\\/stoyvern\\\/#breadcrumb\",\"itemListElement\":[{\"@type\":\"ListItem\",\"position\":1,\"name\":\"Home\",\"item\":\"https:\\\/\\\/www.gop.se\\\/no\\\/\"},{\"@type\":\"ListItem\",\"position\":2,\"name\":\"Fasade &#038; Prosjekt\",\"item\":\"https:\\\/\\\/www.gop.se\\\/no\\\/fasade-prosjekt\\\/\"},{\"@type\":\"ListItem\",\"position\":3,\"name\":\"St\u00f8yskjerm\"}]},{\"@type\":\"WebSite\",\"@id\":\"https:\\\/\\\/www.gop.se\\\/#website\",\"url\":\"https:\\\/\\\/www.gop.se\\\/\",\"name\":\"gop\",\"description\":\"Glasfiber &amp; Plastprodukter AB\",\"publisher\":{\"@id\":\"https:\\\/\\\/www.gop.se\\\/#organization\"},\"potentialAction\":[{\"@type\":\"SearchAction\",\"target\":{\"@type\":\"EntryPoint\",\"urlTemplate\":\"https:\\\/\\\/www.gop.se\\\/?s={search_term_string}\"},\"query-input\":{\"@type\":\"PropertyValueSpecification\",\"valueRequired\":true,\"valueName\":\"search_term_string\"}}],\"inLanguage\":\"nn-NO\"},{\"@type\":\"Organization\",\"@id\":\"https:\\\/\\\/www.gop.se\\\/#organization\",\"name\":\"gop\",\"url\":\"https:\\\/\\\/www.gop.se\\\/\",\"logo\":{\"@type\":\"ImageObject\",\"inLanguage\":\"nn-NO\",\"@id\":\"https:\\\/\\\/www.gop.se\\\/#\\\/schema\\\/logo\\\/image\\\/\",\"url\":\"https:\\\/\\\/static.gop.se\\\/wp-content\\\/uploads\\\/gop_black_300_.png\",\"contentUrl\":\"https:\\\/\\\/static.gop.se\\\/wp-content\\\/uploads\\\/gop_black_300_.png\",\"width\":1076,\"height\":493,\"caption\":\"gop\"},\"image\":{\"@id\":\"https:\\\/\\\/www.gop.se\\\/#\\\/schema\\\/logo\\\/image\\\/\"},\"sameAs\":[\"https:\\\/\\\/www.facebook.com\\\/gopsverige\",\"https:\\\/\\\/www.instagram.com\\\/gop_sverige\\\/\",\"https:\\\/\\\/www.linkedin.com\\\/company\\\/gopsverige\\\/\",\"http:\\\/\\\/www.youtube.com\\\/gopplast\"]}]}<\/script>\n<!-- \/ Yoast SEO plugin. -->","yoast_head_json":{"title":"St\u00f8yvern | St\u00f8yskjerming av Plexiglass og Polykarbonat | gop","description":"Transparent st\u00f8yskjerming for st\u00f8yvern. Unike designmuligheter og usl\u00e5elig total\u00f8konomi. Slagfast og lettere enn glass. Plexiglas BirdGuard med integrerte m\u00f8nstre for fuglebeskyttelse.","robots":{"index":"index","follow":"follow","max-snippet":"max-snippet:-1","max-image-preview":"max-image-preview:large","max-video-preview":"max-video-preview:-1"},"canonical":"https:\/\/www.gop.se\/no\/fasade-prosjekt\/stoyvern\/","og_locale":"nn_NO","og_type":"article","og_title":"St\u00f8yvern | St\u00f8yskjerming av Plexiglass og Polykarbonat | gop","og_description":"Transparent st\u00f8yskjerming for st\u00f8yvern. Unike designmuligheter og usl\u00e5elig total\u00f8konomi. Slagfast og lettere enn glass. Plexiglas BirdGuard med integrerte m\u00f8nstre for fuglebeskyttelse.","og_url":"https:\/\/www.gop.se\/no\/fasade-prosjekt\/stoyvern\/","og_site_name":"gop","article_publisher":"https:\/\/www.facebook.com\/gopsverige","article_modified_time":"2024-01-31T21:00:54+00:00","og_image":[{"width":1076,"height":493,"url":"https:\/\/static.gop.se\/wp-content\/uploads\/gop_black_300_.png","type":"image\/png"}],"twitter_card":"summary_large_image","schema":{"@context":"https:\/\/schema.org","@graph":[{"@type":"WebPage","@id":"https:\/\/www.gop.se\/no\/fasade-prosjekt\/stoyvern\/","url":"https:\/\/www.gop.se\/no\/fasade-prosjekt\/stoyvern\/","name":"St\u00f8yvern | St\u00f8yskjerming av Plexiglass og Polykarbonat | gop","isPartOf":{"@id":"https:\/\/www.gop.se\/#website"},"datePublished":"2020-04-23T13:52:08+00:00","dateModified":"2024-01-31T21:00:54+00:00","description":"Transparent st\u00f8yskjerming for st\u00f8yvern. Unike designmuligheter og usl\u00e5elig total\u00f8konomi. Slagfast og lettere enn glass. Plexiglas BirdGuard med integrerte m\u00f8nstre for fuglebeskyttelse.","breadcrumb":{"@id":"https:\/\/www.gop.se\/no\/fasade-prosjekt\/stoyvern\/#breadcrumb"},"inLanguage":"nn-NO","potentialAction":[{"@type":"ReadAction","target":["https:\/\/www.gop.se\/no\/fasade-prosjekt\/stoyvern\/"]}]},{"@type":"BreadcrumbList","@id":"https:\/\/www.gop.se\/no\/fasade-prosjekt\/stoyvern\/#breadcrumb","itemListElement":[{"@type":"ListItem","position":1,"name":"Home","item":"https:\/\/www.gop.se\/no\/"},{"@type":"ListItem","position":2,"name":"Fasade &#038; Prosjekt","item":"https:\/\/www.gop.se\/no\/fasade-prosjekt\/"},{"@type":"ListItem","position":3,"name":"St\u00f8yskjerm"}]},{"@type":"WebSite","@id":"https:\/\/www.gop.se\/#website","url":"https:\/\/www.gop.se\/","name":"gop","description":"Glasfiber &amp; Plastprodukter AB","publisher":{"@id":"https:\/\/www.gop.se\/#organization"},"potentialAction":[{"@type":"SearchAction","target":{"@type":"EntryPoint","urlTemplate":"https:\/\/www.gop.se\/?s={search_term_string}"},"query-input":{"@type":"PropertyValueSpecification","valueRequired":true,"valueName":"search_term_string"}}],"inLanguage":"nn-NO"},{"@type":"Organization","@id":"https:\/\/www.gop.se\/#organization","name":"gop","url":"https:\/\/www.gop.se\/","logo":{"@type":"ImageObject","inLanguage":"nn-NO","@id":"https:\/\/www.gop.se\/#\/schema\/logo\/image\/","url":"https:\/\/static.gop.se\/wp-content\/uploads\/gop_black_300_.png","contentUrl":"https:\/\/static.gop.se\/wp-content\/uploads\/gop_black_300_.png","width":1076,"height":493,"caption":"gop"},"image":{"@id":"https:\/\/www.gop.se\/#\/schema\/logo\/image\/"},"sameAs":["https:\/\/www.facebook.com\/gopsverige","https:\/\/www.instagram.com\/gop_sverige\/","https:\/\/www.linkedin.com\/company\/gopsverige\/","http:\/\/www.youtube.com\/gopplast"]}]}},"_links":{"self":[{"href":"https:\/\/www.gop.se\/no\/wp-json\/wp\/v2\/pages\/19604","targetHints":{"allow":["GET"]}}],"collection":[{"href":"https:\/\/www.gop.se\/no\/wp-json\/wp\/v2\/pages"}],"about":[{"href":"https:\/\/www.gop.se\/no\/wp-json\/wp\/v2\/types\/page"}],"author":[{"embeddable":true,"href":"https:\/\/www.gop.se\/no\/wp-json\/wp\/v2\/users\/1"}],"replies":[{"embeddable":true,"href":"https:\/\/www.gop.se\/no\/wp-json\/wp\/v2\/comments?post=19604"}],"version-history":[{"count":28,"href":"https:\/\/www.gop.se\/no\/wp-json\/wp\/v2\/pages\/19604\/revisions"}],"predecessor-version":[{"id":24155,"href":"https:\/\/www.gop.se\/no\/wp-json\/wp\/v2\/pages\/19604\/revisions\/24155"}],"up":[{"embeddable":true,"href":"https:\/\/www.gop.se\/no\/wp-json\/wp\/v2\/pages\/19949"}],"wp:attachment":[{"href":"https:\/\/www.gop.se\/no\/wp-json\/wp\/v2\/media?parent=19604"}],"curies":[{"name":"wp","href":"https:\/\/api.w.org\/{rel}","templated":true}]}}