{"id":17817,"date":"2019-11-22T12:13:20","date_gmt":"2019-11-22T11:13:20","guid":{"rendered":"https:\/\/www.gop.se\/?page_id=17817"},"modified":"2026-03-05T16:29:13","modified_gmt":"2026-03-05T15:29:13","slug":"kvalitets-og-miljoepolitik","status":"publish","type":"page","link":"https:\/\/www.gop.se\/da\/baeredygtighed\/kvalitets-og-miljoepolitik\/","title":{"rendered":"Kvalitets- &#038; Milj\u00f8politik"},"content":{"rendered":"<h1>Vores kvalitets- og milj\u00f8politik<\/h1>\n<p>I Sverige har vi siden februar 2004 v\u00e6ret kvalitetscertificeret i henhold til ISO 9001 og milj\u00f8certificeret i henhold til ISO 14001. I 2021 blev gop Danmark og gop Norge certificeret i henhold til de samme standarder. I forhold til ISO arbejder vi i dag med\u00a0 overordnede m\u00e5l for leveringssikkerhed, kundetilfredshed, transport og CO<sub>2<\/sub>-udledninger fra firmabiler.<\/p>\n<p><a href=\"https:\/\/store.gop.se\/en\/Image\/GetDocument\/661\"><img loading=\"lazy\" decoding=\"async\" class=\"aligncenter wp-image-20966\" src=\"https:\/\/static.gop.se\/wp-content\/uploads\/9001_14001-6.png\" alt=\"\" width=\"261\" height=\"121\" \/><\/a><\/p>\n<p><a href=\"https:\/\/store.gop.se\/en\/Image\/GetDocument\/799\">gop ISO 9001 14001 certifikat DK<\/a><br \/>\n<a href=\"https:\/\/store.gop.se\/en\/Image\/GetDocument\/1262\">gop \u00a0ISO 9001 14001 certifikat ENG<\/a><\/p>\n","protected":false},"excerpt":{"rendered":"<p>Vores kvalitets- og milj\u00f8politik I Sverige har vi siden februar 2004 v\u00e6ret kvalitetscertificeret i henhold til ISO 9001 og milj\u00f8certificeret i henhold til ISO 14001. I 2021 blev gop Danmark og gop Norge certificeret i henhold til de samme standarder. I forhold til ISO arbejder vi i dag med\u00a0 overordnede m\u00e5l for leveringssikkerhed, kundetilfredshed, transport [&hellip;]<\/p>\n","protected":false},"author":1,"featured_media":0,"parent":17662,"menu_order":95,"comment_status":"closed","ping_status":"closed","template":"templates\/Articlepage.php","meta":{"_acf_changed":false,"_relevanssi_hide_post":"","_relevanssi_pin_for_all":"","_relevanssi_pin_keywords":"","_relevanssi_unpin_keywords":"","_relevanssi_related_keywords":"","_relevanssi_related_include_ids":"","_relevanssi_related_exclude_ids":"","_relevanssi_related_no_append":"","_relevanssi_related_not_related":"","_relevanssi_related_posts":"","_relevanssi_noindex_reason":"","footnotes":""},"class_list":["post-17817","page","type-page","status-publish","hentry"],"acf":[],"yoast_head":"<!-- This site is optimized with the Yoast SEO plugin v27.4 - https:\/\/yoast.com\/product\/yoast-seo-wordpress\/ -->\n<title>Kvalitets- &amp; Milj\u00f8politik - gop<\/title>\n<meta name=\"description\" content=\"Vores kvalitets- og milj\u00f8politik I Sverige har vi siden februar 2004 v\u00e6ret kvalitetscertificeret i henhold til ISO 9001 og milj\u00f8certificeret i henhold til\" \/>\n<meta name=\"robots\" content=\"index, follow, max-snippet:-1, max-image-preview:large, max-video-preview:-1\" \/>\n<link rel=\"canonical\" href=\"https:\/\/www.gop.se\/da\/baeredygtighed\/kvalitets-og-miljoepolitik\/\" \/>\n<meta property=\"og:locale\" content=\"da_DK\" \/>\n<meta property=\"og:type\" content=\"article\" \/>\n<meta property=\"og:title\" content=\"Kvalitets- &amp; Milj\u00f8politik - gop\" \/>\n<meta property=\"og:description\" content=\"Vores kvalitets- og milj\u00f8politik I Sverige har vi siden februar 2004 v\u00e6ret kvalitetscertificeret i henhold til ISO 9001 og milj\u00f8certificeret i henhold til\" \/>\n<meta property=\"og:url\" content=\"https:\/\/www.gop.se\/da\/baeredygtighed\/kvalitets-og-miljoepolitik\/\" \/>\n<meta property=\"og:site_name\" content=\"gop\" \/>\n<meta property=\"article:publisher\" content=\"https:\/\/www.facebook.com\/gopsverige\" \/>\n<meta property=\"article:modified_time\" content=\"2026-03-05T15:29:13+00:00\" \/>\n<meta property=\"og:image\" content=\"https:\/\/static.gop.se\/wp-content\/uploads\/9001_14001-6.png\" \/>\n\t<meta property=\"og:image:width\" content=\"2000\" \/>\n\t<meta property=\"og:image:height\" content=\"928\" \/>\n\t<meta property=\"og:image:type\" content=\"image\/png\" \/>\n<meta name=\"twitter:card\" content=\"summary_large_image\" \/>\n<meta name=\"twitter:label1\" content=\"Estimeret l\u00e6setid\" \/>\n\t<meta name=\"twitter:data1\" content=\"1 minut\" \/>\n<script type=\"application\/ld+json\" class=\"yoast-schema-graph\">{\"@context\":\"https:\\\/\\\/schema.org\",\"@graph\":[{\"@type\":\"WebPage\",\"@id\":\"https:\\\/\\\/www.gop.se\\\/da\\\/baeredygtighed\\\/kvalitets-og-miljoepolitik\\\/\",\"url\":\"https:\\\/\\\/www.gop.se\\\/da\\\/baeredygtighed\\\/kvalitets-og-miljoepolitik\\\/\",\"name\":\"Kvalitets- & Milj\u00f8politik - gop\",\"isPartOf\":{\"@id\":\"https:\\\/\\\/www.gop.se\\\/#website\"},\"primaryImageOfPage\":{\"@id\":\"https:\\\/\\\/www.gop.se\\\/da\\\/baeredygtighed\\\/kvalitets-og-miljoepolitik\\\/#primaryimage\"},\"image\":{\"@id\":\"https:\\\/\\\/www.gop.se\\\/da\\\/baeredygtighed\\\/kvalitets-og-miljoepolitik\\\/#primaryimage\"},\"thumbnailUrl\":\"https:\\\/\\\/static.gop.se\\\/wp-content\\\/uploads\\\/9001_14001-6.png\",\"datePublished\":\"2019-11-22T11:13:20+00:00\",\"dateModified\":\"2026-03-05T15:29:13+00:00\",\"description\":\"Vores kvalitets- og milj\u00f8politik I Sverige har vi siden februar 2004 v\u00e6ret kvalitetscertificeret i henhold til ISO 9001 og milj\u00f8certificeret i henhold til\",\"breadcrumb\":{\"@id\":\"https:\\\/\\\/www.gop.se\\\/da\\\/baeredygtighed\\\/kvalitets-og-miljoepolitik\\\/#breadcrumb\"},\"inLanguage\":\"da-DK\",\"potentialAction\":[{\"@type\":\"ReadAction\",\"target\":[\"https:\\\/\\\/www.gop.se\\\/da\\\/baeredygtighed\\\/kvalitets-og-miljoepolitik\\\/\"]}]},{\"@type\":\"ImageObject\",\"inLanguage\":\"da-DK\",\"@id\":\"https:\\\/\\\/www.gop.se\\\/da\\\/baeredygtighed\\\/kvalitets-og-miljoepolitik\\\/#primaryimage\",\"url\":\"https:\\\/\\\/static.gop.se\\\/wp-content\\\/uploads\\\/9001_14001-6.png\",\"contentUrl\":\"https:\\\/\\\/static.gop.se\\\/wp-content\\\/uploads\\\/9001_14001-6.png\"},{\"@type\":\"BreadcrumbList\",\"@id\":\"https:\\\/\\\/www.gop.se\\\/da\\\/baeredygtighed\\\/kvalitets-og-miljoepolitik\\\/#breadcrumb\",\"itemListElement\":[{\"@type\":\"ListItem\",\"position\":1,\"name\":\"Home\",\"item\":\"https:\\\/\\\/www.gop.se\\\/da\\\/\"},{\"@type\":\"ListItem\",\"position\":2,\"name\":\"B\u00e6redygtighed\",\"item\":\"https:\\\/\\\/www.gop.se\\\/da\\\/baeredygtighed\\\/\"},{\"@type\":\"ListItem\",\"position\":3,\"name\":\"Kvalitets- &#038; Milj\u00f8politik\"}]},{\"@type\":\"WebSite\",\"@id\":\"https:\\\/\\\/www.gop.se\\\/#website\",\"url\":\"https:\\\/\\\/www.gop.se\\\/\",\"name\":\"gop\",\"description\":\"Glasfiber &amp; Plastprodukter AB\",\"publisher\":{\"@id\":\"https:\\\/\\\/www.gop.se\\\/#organization\"},\"potentialAction\":[{\"@type\":\"SearchAction\",\"target\":{\"@type\":\"EntryPoint\",\"urlTemplate\":\"https:\\\/\\\/www.gop.se\\\/?s={search_term_string}\"},\"query-input\":{\"@type\":\"PropertyValueSpecification\",\"valueRequired\":true,\"valueName\":\"search_term_string\"}}],\"inLanguage\":\"da-DK\"},{\"@type\":\"Organization\",\"@id\":\"https:\\\/\\\/www.gop.se\\\/#organization\",\"name\":\"gop\",\"url\":\"https:\\\/\\\/www.gop.se\\\/\",\"logo\":{\"@type\":\"ImageObject\",\"inLanguage\":\"da-DK\",\"@id\":\"https:\\\/\\\/www.gop.se\\\/#\\\/schema\\\/logo\\\/image\\\/\",\"url\":\"https:\\\/\\\/static.gop.se\\\/wp-content\\\/uploads\\\/gop_black_300_.png\",\"contentUrl\":\"https:\\\/\\\/static.gop.se\\\/wp-content\\\/uploads\\\/gop_black_300_.png\",\"width\":1076,\"height\":493,\"caption\":\"gop\"},\"image\":{\"@id\":\"https:\\\/\\\/www.gop.se\\\/#\\\/schema\\\/logo\\\/image\\\/\"},\"sameAs\":[\"https:\\\/\\\/www.facebook.com\\\/gopsverige\",\"https:\\\/\\\/www.instagram.com\\\/gop_sverige\\\/\",\"https:\\\/\\\/www.linkedin.com\\\/company\\\/gopsverige\\\/\",\"http:\\\/\\\/www.youtube.com\\\/gopplast\"]}]}<\/script>\n<!-- \/ Yoast SEO plugin. -->","yoast_head_json":{"title":"Kvalitets- & Milj\u00f8politik - gop","description":"Vores kvalitets- og milj\u00f8politik I Sverige har vi siden februar 2004 v\u00e6ret kvalitetscertificeret i henhold til ISO 9001 og milj\u00f8certificeret i henhold til","robots":{"index":"index","follow":"follow","max-snippet":"max-snippet:-1","max-image-preview":"max-image-preview:large","max-video-preview":"max-video-preview:-1"},"canonical":"https:\/\/www.gop.se\/da\/baeredygtighed\/kvalitets-og-miljoepolitik\/","og_locale":"da_DK","og_type":"article","og_title":"Kvalitets- & Milj\u00f8politik - gop","og_description":"Vores kvalitets- og milj\u00f8politik I Sverige har vi siden februar 2004 v\u00e6ret kvalitetscertificeret i henhold til ISO 9001 og milj\u00f8certificeret i henhold til","og_url":"https:\/\/www.gop.se\/da\/baeredygtighed\/kvalitets-og-miljoepolitik\/","og_site_name":"gop","article_publisher":"https:\/\/www.facebook.com\/gopsverige","article_modified_time":"2026-03-05T15:29:13+00:00","og_image":[{"width":2000,"height":928,"url":"https:\/\/static.gop.se\/wp-content\/uploads\/9001_14001-6.png","type":"image\/png"}],"twitter_card":"summary_large_image","twitter_misc":{"Estimeret l\u00e6setid":"1 minut"},"schema":{"@context":"https:\/\/schema.org","@graph":[{"@type":"WebPage","@id":"https:\/\/www.gop.se\/da\/baeredygtighed\/kvalitets-og-miljoepolitik\/","url":"https:\/\/www.gop.se\/da\/baeredygtighed\/kvalitets-og-miljoepolitik\/","name":"Kvalitets- & Milj\u00f8politik - gop","isPartOf":{"@id":"https:\/\/www.gop.se\/#website"},"primaryImageOfPage":{"@id":"https:\/\/www.gop.se\/da\/baeredygtighed\/kvalitets-og-miljoepolitik\/#primaryimage"},"image":{"@id":"https:\/\/www.gop.se\/da\/baeredygtighed\/kvalitets-og-miljoepolitik\/#primaryimage"},"thumbnailUrl":"https:\/\/static.gop.se\/wp-content\/uploads\/9001_14001-6.png","datePublished":"2019-11-22T11:13:20+00:00","dateModified":"2026-03-05T15:29:13+00:00","description":"Vores kvalitets- og milj\u00f8politik I Sverige har vi siden februar 2004 v\u00e6ret kvalitetscertificeret i henhold til ISO 9001 og milj\u00f8certificeret i henhold til","breadcrumb":{"@id":"https:\/\/www.gop.se\/da\/baeredygtighed\/kvalitets-og-miljoepolitik\/#breadcrumb"},"inLanguage":"da-DK","potentialAction":[{"@type":"ReadAction","target":["https:\/\/www.gop.se\/da\/baeredygtighed\/kvalitets-og-miljoepolitik\/"]}]},{"@type":"ImageObject","inLanguage":"da-DK","@id":"https:\/\/www.gop.se\/da\/baeredygtighed\/kvalitets-og-miljoepolitik\/#primaryimage","url":"https:\/\/static.gop.se\/wp-content\/uploads\/9001_14001-6.png","contentUrl":"https:\/\/static.gop.se\/wp-content\/uploads\/9001_14001-6.png"},{"@type":"BreadcrumbList","@id":"https:\/\/www.gop.se\/da\/baeredygtighed\/kvalitets-og-miljoepolitik\/#breadcrumb","itemListElement":[{"@type":"ListItem","position":1,"name":"Home","item":"https:\/\/www.gop.se\/da\/"},{"@type":"ListItem","position":2,"name":"B\u00e6redygtighed","item":"https:\/\/www.gop.se\/da\/baeredygtighed\/"},{"@type":"ListItem","position":3,"name":"Kvalitets- &#038; Milj\u00f8politik"}]},{"@type":"WebSite","@id":"https:\/\/www.gop.se\/#website","url":"https:\/\/www.gop.se\/","name":"gop","description":"Glasfiber &amp; Plastprodukter AB","publisher":{"@id":"https:\/\/www.gop.se\/#organization"},"potentialAction":[{"@type":"SearchAction","target":{"@type":"EntryPoint","urlTemplate":"https:\/\/www.gop.se\/?s={search_term_string}"},"query-input":{"@type":"PropertyValueSpecification","valueRequired":true,"valueName":"search_term_string"}}],"inLanguage":"da-DK"},{"@type":"Organization","@id":"https:\/\/www.gop.se\/#organization","name":"gop","url":"https:\/\/www.gop.se\/","logo":{"@type":"ImageObject","inLanguage":"da-DK","@id":"https:\/\/www.gop.se\/#\/schema\/logo\/image\/","url":"https:\/\/static.gop.se\/wp-content\/uploads\/gop_black_300_.png","contentUrl":"https:\/\/static.gop.se\/wp-content\/uploads\/gop_black_300_.png","width":1076,"height":493,"caption":"gop"},"image":{"@id":"https:\/\/www.gop.se\/#\/schema\/logo\/image\/"},"sameAs":["https:\/\/www.facebook.com\/gopsverige","https:\/\/www.instagram.com\/gop_sverige\/","https:\/\/www.linkedin.com\/company\/gopsverige\/","http:\/\/www.youtube.com\/gopplast"]}]}},"_links":{"self":[{"href":"https:\/\/www.gop.se\/da\/wp-json\/wp\/v2\/pages\/17817","targetHints":{"allow":["GET"]}}],"collection":[{"href":"https:\/\/www.gop.se\/da\/wp-json\/wp\/v2\/pages"}],"about":[{"href":"https:\/\/www.gop.se\/da\/wp-json\/wp\/v2\/types\/page"}],"author":[{"embeddable":true,"href":"https:\/\/www.gop.se\/da\/wp-json\/wp\/v2\/users\/1"}],"replies":[{"embeddable":true,"href":"https:\/\/www.gop.se\/da\/wp-json\/wp\/v2\/comments?post=17817"}],"version-history":[{"count":28,"href":"https:\/\/www.gop.se\/da\/wp-json\/wp\/v2\/pages\/17817\/revisions"}],"predecessor-version":[{"id":31627,"href":"https:\/\/www.gop.se\/da\/wp-json\/wp\/v2\/pages\/17817\/revisions\/31627"}],"up":[{"embeddable":true,"href":"https:\/\/www.gop.se\/da\/wp-json\/wp\/v2\/pages\/17662"}],"wp:attachment":[{"href":"https:\/\/www.gop.se\/da\/wp-json\/wp\/v2\/media?parent=17817"}],"curies":[{"name":"wp","href":"https:\/\/api.w.org\/{rel}","templated":true}]}}